{"id":21,"date":"2014-09-05T14:44:13","date_gmt":"2014-09-05T11:44:13","guid":{"rendered":"https:\/\/blog.edu.turku.fi\/alkuopetus\/?page_id=21"},"modified":"2020-10-22T14:58:06","modified_gmt":"2020-10-22T11:58:06","slug":"aamu-ja-iltapaivatoiminta","status":"publish","type":"page","link":"https:\/\/blog.edu.turku.fi\/alkuopetus\/aamu-ja-iltapaivatoiminta\/","title":{"rendered":"Aamu- ja iltap\u00e4iv\u00e4toiminta"},"content":{"rendered":"<p><a href=\"http:\/\/www.turku.fi\/paivahoito-ja-koulutus\/perusopetus\/iltapaivatoiminta\/koululaisten-aamu-ja-iltapaivatoiminta\"><strong>Koululaisten aamu- ja iltap\u00e4iv\u00e4toiminta<\/strong><\/a><\/p>\n<p>Aamu- ja iltap\u00e4iv\u00e4toiminta on tarkoitettu perusopetuksen 1. ja 2. vuosiluokkien oppilaille sek\u00e4 muiden vuosiluokkien erityisopetuksessa oleville oppilaille.<\/p>\n<p>Toiminta-aika<br \/>\nToimintaa j\u00e4rjestet\u00e4\u00e4n arkip\u00e4ivisin koulun ty\u00f6vuoden aikana.<\/p>\n<p>Toimipaikkoja on kattavasti eri puolilla Turkua. Iltap\u00e4iv\u00e4toiminnan toiminta-aika on klo 11.00\u201317.00 ja aamutoiminta-aika on 7.30\u201310.00. Aamutoimintaa j\u00e4rjestet\u00e4\u00e4n v\u00e4hemm\u00e4n ja siihen on erillinen haku.<\/p>\n<p><a href=\"https:\/\/www.turku.fi\/sites\/default\/files\/atoms\/files\/turun_kaupungin_apip-toiminnan_toimintasuunnitelma.pdf\">Turun kaupungin aamu- ja iltap\u00e4iv\u00e4toiminnan toimintasuunnitelma 2018 &#8211;<\/a><\/p>\n<p><a href=\"http:\/\/www.turku.fi\/sites\/default\/files\/atoms\/files\/po_aamu_ja_iltapaivatoiminnan_perusteet_2011.pdf\">Perusopetuksen aamu- ja iltap\u00e4iv\u00e4toiminnan perusteet 2011<\/a><\/p>\n","protected":false},"excerpt":{"rendered":"<p>Koululaisten aamu- ja iltap\u00e4iv\u00e4toiminta Aamu- ja iltap\u00e4iv\u00e4toiminta on tarkoitettu perusopetuksen 1. ja 2. vuosiluokkien oppilaille sek\u00e4 muiden vuosiluokkien erityisopetuksessa oleville oppilaille. Toiminta-aika Toimintaa j\u00e4rjestet\u00e4\u00e4n arkip\u00e4ivisin koulun ty\u00f6vuoden aikana. Toimipaikkoja on kattavasti eri puolilla Turkua. Iltap\u00e4iv\u00e4toiminnan toiminta-aika on klo 11.00\u201317.00 ja aamutoiminta-aika on 7.30\u201310.00. Aamutoimintaa j\u00e4rjestet\u00e4\u00e4n v\u00e4hemm\u00e4n ja siihen on erillinen haku. Turun kaupungin aamu- ja &hellip; <a href=\"https:\/\/blog.edu.turku.fi\/alkuopetus\/aamu-ja-iltapaivatoiminta\/\" class=\"more-link\">Jatka lukemista<span class=\"screen-reader-text\"> &#8221;Aamu- ja iltap\u00e4iv\u00e4toiminta&#8221;<\/span><\/a><\/p>\n","protected":false},"author":904,"featured_media":0,"parent":0,"menu_order":0,"comment_status":"closed","ping_status":"closed","template":"","meta":{"footnotes":""},"class_list":["post-21","page","type-page","status-publish","hentry"],"_links":{"self":[{"href":"https:\/\/blog.edu.turku.fi\/alkuopetus\/wp-json\/wp\/v2\/pages\/21","targetHints":{"allow":["GET"]}}],"collection":[{"href":"https:\/\/blog.edu.turku.fi\/alkuopetus\/wp-json\/wp\/v2\/pages"}],"about":[{"href":"https:\/\/blog.edu.turku.fi\/alkuopetus\/wp-json\/wp\/v2\/types\/page"}],"author":[{"embeddable":true,"href":"https:\/\/blog.edu.turku.fi\/alkuopetus\/wp-json\/wp\/v2\/users\/904"}],"replies":[{"embeddable":true,"href":"https:\/\/blog.edu.turku.fi\/alkuopetus\/wp-json\/wp\/v2\/comments?post=21"}],"version-history":[{"count":6,"href":"https:\/\/blog.edu.turku.fi\/alkuopetus\/wp-json\/wp\/v2\/pages\/21\/revisions"}],"predecessor-version":[{"id":698,"href":"https:\/\/blog.edu.turku.fi\/alkuopetus\/wp-json\/wp\/v2\/pages\/21\/revisions\/698"}],"wp:attachment":[{"href":"https:\/\/blog.edu.turku.fi\/alkuopetus\/wp-json\/wp\/v2\/media?parent=21"}],"curies":[{"name":"wp","href":"https:\/\/api.w.org\/{rel}","templated":true}]}}