{"id":207,"date":"2016-03-14T14:51:44","date_gmt":"2016-03-14T12:51:44","guid":{"rendered":"https:\/\/blog.edu.turku.fi\/alkuopetus\/?page_id=207"},"modified":"2018-10-15T13:07:28","modified_gmt":"2018-10-15T10:07:28","slug":"vinkkeja-monialaisten-oppimiskokonaisuuksien-suunnitteluun","status":"publish","type":"page","link":"https:\/\/blog.edu.turku.fi\/alkuopetus\/materiaaleja\/vinkkeja-monialaisten-oppimiskokonaisuuksien-suunnitteluun\/","title":{"rendered":"Vinkkej\u00e4 monialaisten oppimiskokonaisuuksien suunnitteluun"},"content":{"rendered":"<p>Yhteiset teemaviikot<\/p>\n<p>Teemat voidaan sopia etuk\u00e4teen syksyn alussa ja tehd\u00e4 niiden ymp\u00e4rille monialaisia oppimiskokonaisuuksia. Lapsiryhm\u00e4t voivat ideoida teeman, jota l\u00e4hdet\u00e4\u00e4n yhdess\u00e4 ty\u00f6st\u00e4m\u00e4\u00e4n. Teemojen yl\u00e4k\u00e4sitteet voidaan my\u00f6s antaa lapsille etuk\u00e4teen, jolloin he miettiv\u00e4t, mit\u00e4 haluavat tutkia annetusta teemasta.<\/p>\n<p>Esimerkiksi teemana mets\u00e4n el\u00e4imet\/villiel\u00e4imet\/kotiel\u00e4imet. Lapset valitsevat ryhmitt\u00e4in haluamansa el\u00e4imen tai ryhm\u00e4t muodostetaan kiinnostuksen kohteen mukaisesti. Esiopetuksen puolella opiskeltavat asiat on koottu oppimiskokonaisuuksiksi ja perusopetuksen puolella ne ovat oppiaineita. On mielek\u00e4st\u00e4 mietti\u00e4, miten esiopetuksen oppimiskokonaisuudet ja alkuopetuksen puolella oppiaineet integroituvat sopiviksi paketeiksi eri teemojen kohdalla. Miten esimerkiksi el\u00e4inteema voidaan k\u00e4sitell\u00e4 eri oppimiskokonaisuuksissa ja oppiaineissa?<\/p>\n<p>Arvioinnissa tulee kiinnitt\u00e4\u00e4 huomio jo itse oppimisprosessiin. Aikuiset voivat mietti\u00e4 yhdess\u00e4, halutaanko, ett\u00e4 prosessissa nousevat keski\u00f6\u00f6n yhteisty\u00f6taidot, kysymisen ja vastaamisen taidot &#8211; vuorovaikutustaidot, vai joku muu harjoitettava taito. Arvioitavat asiat k\u00e4sitell\u00e4\u00e4n lasten kanssa yhdess\u00e4. Voidaan antaa muutama vaihtoehto, joista lapset valitsevat mielest\u00e4\u00e4n t\u00e4rkeimm\u00e4t arvioitavat asiat ja niihin kiinnitet\u00e4\u00e4n huomiota koko ty\u00f6skentelyn ajan. Esimerkiksi &#8221;kuuntelin ryhm\u00e4l\u00e4isteni puheenvuorot\/pyysin puheenvuoron viittaamalla\/kerroin omat mielipiteeni ryhm\u00e4lleni&#8221; jne.<\/p>\n<p>Valittua teemaa voidaan ty\u00f6st\u00e4\u00e4 ryhmitt\u00e4in sek\u00e4 pareittain. Teeman tuotosten m\u00e4\u00e4rittely etuk\u00e4teen tehd\u00e4\u00e4n yhdess\u00e4 lasten kanssa. Tuleeko projektista joku konkreettinen teos? Tuleeko sit\u00e4 esitys? Toteutetaanko se tvt-v\u00e4lineist\u00f6\u00e4 apuna k\u00e4ytt\u00e4en? Ker\u00e4t\u00e4\u00e4nk\u00f6 tehdyt asiat portfolioon? Tehd\u00e4\u00e4nk\u00f6 n\u00e4yttely? Mit\u00e4 v\u00e4lineit\u00e4 k\u00e4ytet\u00e4\u00e4n projektin arviointiin (lomake, videoitu haastattelu yms.)<\/p>\n<p>Teemat ja monialaiset oppimiskokonaisuudet antava mahdollisuuden eheytt\u00e4v\u00e4\u00e4n opetukseen ja palvelevat niin esiopetuksen kuin alkuopetuksen yhteisi\u00e4 tavoitteita.<\/p>\n<p>&nbsp;<\/p>\n<p>&nbsp;<\/p>\n","protected":false},"excerpt":{"rendered":"<p>Yhteiset teemaviikot Teemat voidaan sopia etuk\u00e4teen syksyn alussa ja tehd\u00e4 niiden ymp\u00e4rille monialaisia oppimiskokonaisuuksia. Lapsiryhm\u00e4t voivat ideoida teeman, jota l\u00e4hdet\u00e4\u00e4n yhdess\u00e4 ty\u00f6st\u00e4m\u00e4\u00e4n. Teemojen yl\u00e4k\u00e4sitteet voidaan my\u00f6s antaa lapsille etuk\u00e4teen, jolloin he miettiv\u00e4t, mit\u00e4 haluavat tutkia annetusta teemasta. Esimerkiksi teemana mets\u00e4n el\u00e4imet\/villiel\u00e4imet\/kotiel\u00e4imet. Lapset valitsevat ryhmitt\u00e4in haluamansa el\u00e4imen tai ryhm\u00e4t muodostetaan kiinnostuksen kohteen mukaisesti. Esiopetuksen puolella opiskeltavat &hellip; <a href=\"https:\/\/blog.edu.turku.fi\/alkuopetus\/materiaaleja\/vinkkeja-monialaisten-oppimiskokonaisuuksien-suunnitteluun\/\" class=\"more-link\">Jatka lukemista<span class=\"screen-reader-text\"> &#8221;Vinkkej\u00e4 monialaisten oppimiskokonaisuuksien suunnitteluun&#8221;<\/span><\/a><\/p>\n","protected":false},"author":904,"featured_media":0,"parent":549,"menu_order":0,"comment_status":"closed","ping_status":"closed","template":"","meta":{"footnotes":""},"class_list":["post-207","page","type-page","status-publish","hentry"],"_links":{"self":[{"href":"https:\/\/blog.edu.turku.fi\/alkuopetus\/wp-json\/wp\/v2\/pages\/207","targetHints":{"allow":["GET"]}}],"collection":[{"href":"https:\/\/blog.edu.turku.fi\/alkuopetus\/wp-json\/wp\/v2\/pages"}],"about":[{"href":"https:\/\/blog.edu.turku.fi\/alkuopetus\/wp-json\/wp\/v2\/types\/page"}],"author":[{"embeddable":true,"href":"https:\/\/blog.edu.turku.fi\/alkuopetus\/wp-json\/wp\/v2\/users\/904"}],"replies":[{"embeddable":true,"href":"https:\/\/blog.edu.turku.fi\/alkuopetus\/wp-json\/wp\/v2\/comments?post=207"}],"version-history":[{"count":3,"href":"https:\/\/blog.edu.turku.fi\/alkuopetus\/wp-json\/wp\/v2\/pages\/207\/revisions"}],"predecessor-version":[{"id":210,"href":"https:\/\/blog.edu.turku.fi\/alkuopetus\/wp-json\/wp\/v2\/pages\/207\/revisions\/210"}],"up":[{"embeddable":true,"href":"https:\/\/blog.edu.turku.fi\/alkuopetus\/wp-json\/wp\/v2\/pages\/549"}],"wp:attachment":[{"href":"https:\/\/blog.edu.turku.fi\/alkuopetus\/wp-json\/wp\/v2\/media?parent=207"}],"curies":[{"name":"wp","href":"https:\/\/api.w.org\/{rel}","templated":true}]}}